{"id":31,"date":"2017-08-17T12:22:05","date_gmt":"2017-08-17T09:22:05","guid":{"rendered":"http:\/\/www.crazyhorsekapadokya.com\/?page_id=31"},"modified":"2022-01-08T12:38:56","modified_gmt":"2022-01-08T09:38:56","slug":"contact-us","status":"publish","type":"page","link":"https:\/\/saklicavehouse.com\/en\/contact-us\/","title":{"rendered":"CONTACT US"},"content":{"rendered":"<h5>MAP<\/h5>\n<p><iframe loading=\"lazy\" style=\"border: 0;\" src=\"https:\/\/www.google.com\/maps\/embed?pb=!1m18!1m12!1m3!1d3112.8317800834484!2d34.84634131574254!3d38.72167097959808!2m3!1f0!2f0!3f0!3m2!1i1024!2i768!4f13.1!3m3!1m2!1s0x152a60b080cab3bf%3A0x7a0c5653d4fc9c26!2sSakl%C4%B1%20Cave%20House%20Butik%20Otel!5e0!3m2!1sen!2str!4v1618841905500!5m2!1sen!2str\" width=\"100%\" height=\"450\" allowfullscreen=\"allowfullscreen\"><\/iframe><\/p>\n<h5>ADDRESS<\/h5>\n<table>\n<tbody>\n<tr>\n<td style=\"text-align: center; background: rgba(1, 1, 1, 0.4); font-size: 14px;\" colspan=\"2\"><strong>Sakl\u0131 Cave House &#8211; Kapadokya Avanos<\/strong><\/td>\n<\/tr>\n<tr>\n<td><strong>Address<\/strong><\/td>\n<td>Yukar\u0131 Mah. 105 Sok. No:23 Avanos 50500 Nev\u015fehir<\/td>\n<\/tr>\n<tr>\n<td><strong>Phone<\/strong><\/td>\n<td><strong><a href=\"tel:905385094443\">+90 538 509 44 43<\/a><\/strong><\/td>\n<\/tr>\n<tr>\n<td><strong>E-mail<\/strong><\/td>\n<td><a href=\"mailto:info@saklicavehouse.com\">info@saklicavehouse.com<\/a><\/td>\n<\/tr>\n<\/tbody>\n<\/table>\n<p>&nbsp;<\/p>\n<div id=\"links-link-31\" class=\"sh-link links-link sh-hide\"><a href=\"#\" onclick=\"showhide_toggle('links', 31, 'You can send your feedback to us by clicking here.', 'Maybe Later.'); return false;\" aria-expanded=\"false\"><span id=\"links-toggle-31\">You can send your feedback to us by clicking here.<\/span><\/a><\/div><div id=\"links-content-31\" class=\"sh-content links-content sh-hide\" style=\"display: none;\"><\/p>\n<p>&nbsp;<\/p>\n<p><div role=\"form\" class=\"wpcf7\" id=\"wpcf7-f109-o1\" lang=\"tr-TR\" dir=\"ltr\">\n<div class=\"screen-reader-response\"><p role=\"status\" aria-live=\"polite\" aria-atomic=\"true\"><\/p> <ul><\/ul><\/div>\n<form action=\"\/en\/wp-json\/wp\/v2\/pages\/31#wpcf7-f109-o1\" method=\"post\" class=\"wpcf7-form init\" novalidate=\"novalidate\" data-status=\"init\">\n<div style=\"display: none;\">\n<input type=\"hidden\" name=\"_wpcf7\" value=\"109\" \/>\n<input type=\"hidden\" name=\"_wpcf7_version\" value=\"5.5.3\" \/>\n<input type=\"hidden\" name=\"_wpcf7_locale\" value=\"tr_TR\" \/>\n<input type=\"hidden\" name=\"_wpcf7_unit_tag\" value=\"wpcf7-f109-o1\" \/>\n<input type=\"hidden\" name=\"_wpcf7_container_post\" value=\"0\" \/>\n<input type=\"hidden\" name=\"_wpcf7_posted_data_hash\" value=\"\" \/>\n<\/div>\n<p><label>Name & Surname*<br \/>\n<span class=\"wpcf7-form-control-wrap your-name\"><input type=\"text\" name=\"your-name\" value=\"\" size=\"40\" class=\"wpcf7-form-control wpcf7-text wpcf7-validates-as-required\" aria-required=\"true\" aria-invalid=\"false\" \/><\/span><\/label><\/p>\n<p><label>Phone*<br \/>\n<span class=\"wpcf7-form-control-wrap telefon\"><input type=\"text\" name=\"telefon\" value=\"\" size=\"40\" class=\"wpcf7-form-control wpcf7-text wpcf7-validates-as-required\" aria-required=\"true\" aria-invalid=\"false\" \/><\/span><\/label><\/p>\n<p><label>E-mail*<br \/>\n<span class=\"wpcf7-form-control-wrap your-email\"><input type=\"email\" name=\"your-email\" value=\"\" size=\"40\" class=\"wpcf7-form-control wpcf7-text wpcf7-email wpcf7-validates-as-required wpcf7-validates-as-email\" aria-required=\"true\" aria-invalid=\"false\" \/><\/span><\/label><\/p>\n<p><label>Subject*<br \/>\n<span class=\"wpcf7-form-control-wrap your-subject\"><input type=\"text\" name=\"your-subject\" value=\"\" size=\"40\" class=\"wpcf7-form-control wpcf7-text wpcf7-validates-as-required\" aria-required=\"true\" aria-invalid=\"false\" \/><\/span><\/label><\/p>\n<p><label>Your Message*<br \/>\n<span class=\"wpcf7-form-control-wrap your-message\"><textarea name=\"your-message\" cols=\"40\" rows=\"10\" class=\"wpcf7-form-control wpcf7-textarea wpcf7-validates-as-required\" aria-required=\"true\" aria-invalid=\"false\"><\/textarea><\/span><\/label><\/p>\n<p><input type=\"submit\" value=\"Send\" class=\"wpcf7-form-control has-spinner wpcf7-submit\" \/><\/p>\n<div class=\"wpcf7-response-output\" aria-hidden=\"true\"><\/div><\/form><\/div><\/div>\n","protected":false},"excerpt":{"rendered":"<p>MAP ADDRESS Sakl\u0131 Cave House &#8211; Kapadokya Avanos Address Yukar\u0131 Mah. 105 Sok. No:23 Avanos 50500 Nev\u015fehir Phone +90 538 509 44 43 E-mail info@saklicavehouse.com &nbsp;<\/p>\n","protected":false},"author":1,"featured_media":0,"parent":0,"menu_order":0,"comment_status":"closed","ping_status":"closed","template":"","meta":[],"_links":{"self":[{"href":"https:\/\/saklicavehouse.com\/en\/wp-json\/wp\/v2\/pages\/31"}],"collection":[{"href":"https:\/\/saklicavehouse.com\/en\/wp-json\/wp\/v2\/pages"}],"about":[{"href":"https:\/\/saklicavehouse.com\/en\/wp-json\/wp\/v2\/types\/page"}],"author":[{"embeddable":true,"href":"https:\/\/saklicavehouse.com\/en\/wp-json\/wp\/v2\/users\/1"}],"replies":[{"embeddable":true,"href":"https:\/\/saklicavehouse.com\/en\/wp-json\/wp\/v2\/comments?post=31"}],"version-history":[{"count":3,"href":"https:\/\/saklicavehouse.com\/en\/wp-json\/wp\/v2\/pages\/31\/revisions"}],"predecessor-version":[{"id":936,"href":"https:\/\/saklicavehouse.com\/en\/wp-json\/wp\/v2\/pages\/31\/revisions\/936"}],"wp:attachment":[{"href":"https:\/\/saklicavehouse.com\/en\/wp-json\/wp\/v2\/media?parent=31"}],"curies":[{"name":"wp","href":"https:\/\/api.w.org\/{rel}","templated":true}]}}